{"id":14664,"date":"2026-02-26T04:39:04","date_gmt":"2026-02-26T03:39:04","guid":{"rendered":"https:\/\/rowermax.shop\/ro64\/produkt\/rower-elektryczny-e-bie-kellys-theos-f60-sh-m-karbon-275-29-grafit-250-w\/"},"modified":"2026-02-26T04:39:05","modified_gmt":"2026-02-26T03:39:05","slug":"rower-elektryczny-e-bie-kellys-theos-f60-sh-m-karbon-275-29-grafit-250-w","status":"publish","type":"product","link":"https:\/\/rowerflowplus.shop\/ro64\/produkt\/rower-elektryczny-e-bie-kellys-theos-f60-sh-m-karbon-275-29-grafit-250-w\/","title":{"rendered":"Rower elektryczny e-bie Kellys Theos F60 SH m karbon 27,5 \/ 29 grafit 250 W"},"content":{"rendered":"<div style=\"font-family: Arial, sans-serif; line-height: 1.6; color: #333; padding: 20px; clear: both; display: block; width: 100%; float: none; position: static; overflow: hidden;\">\n<div style=\"clear: both; display: block; margin: 10px 0;\">\n<div style=\"clear: both; display: block; margin: 10px 0;\">\n<div style=\"clear: both; display: block; margin: 10px 0;\">\n<div  style=\"max-width:1190px;max-height:719px\">\n<div style=\"clear: both; display: block; margin: 10px 0;\">\n<div style=\"clear: both; width: 100%; display: block; margin: 20px 0; padding: 0; float: none; position: static; text-align: center;\"><img decoding=\"async\"  src=\"https:\/\/a.allegroimg.com\/original\/11d236\/3a9dd9174b8f989d8b71f3b0ce9f\/Rower-elektryczny-e-bie-Kellys-Theos-F60-SH-m-karbon-27-5-29-grafit-250-W\" srcset=\"https:\/\/a.allegroimg.com\/original\/11d236\/3a9dd9174b8f989d8b71f3b0ce9f\/Rower-elektryczny-e-bie-Kellys-Theos-F60-SH-m-karbon-27-5-29-grafit-250-W 360w,https:\/\/a.allegroimg.com\/original\/11d236\/3a9dd9174b8f989d8b71f3b0ce9f\/Rower-elektryczny-e-bie-Kellys-Theos-F60-SH-m-karbon-27-5-29-grafit-250-W 720w,https:\/\/a.allegroimg.com\/original\/11d236\/3a9dd9174b8f989d8b71f3b0ce9f\/Rower-elektryczny-e-bie-Kellys-Theos-F60-SH-m-karbon-27-5-29-grafit-250-W 1024w,https:\/\/a.allegroimg.com\/original\/11d236\/3a9dd9174b8f989d8b71f3b0ce9f\/Rower-elektryczny-e-bie-Kellys-Theos-F60-SH-m-karbon-27-5-29-grafit-250-W 1190w,https:\/\/a.allegroimg.com\/original\/11d236\/3a9dd9174b8f989d8b71f3b0ce9f\/Rower-elektryczny-e-bie-Kellys-Theos-F60-SH-m-karbon-27-5-29-grafit-250-W 1190w\" sizes=\"(min-width: 1200px) 560px, (min-width: 992px) 50vw, 100vw\" width=\"1190px\" alt=\"Rower elektryczny e-bie Kellys Theos F60 SH m karbon 27,5 \/ 29 grafit 250 W\" style=\"max-width: 100%; height: auto; display: block; margin: 0 auto;\"><\/div>\n<\/div>\n<\/div>\n<\/div>\n<\/div>\n<div style=\"clear: both; display: block; margin: 10px 0;\">\n<div style=\"clear: both; display: block; margin: 10px 0;\">\n<h1>Kellys Theos F60 SH grafitowy 2024. Ko\u0142a 29&#8243; oraz 27,5&#8243;, rama M. przecena z 27999z\u0142<\/h1>\n<p style=\"margin: 15px 0; line-height: 1.8; clear: both; display: block; width: 100%; float: none; position: static;\">rama KELLYS THEOS 2024 F100 Carbon-Aramid Composite \/ Designed &amp; manufactured in EUROPE \/ Think Link\u00ae suspension system, 140 mm rear travel, integrated removable battery, 1.8\u201c tapered HT, post mount 203 mm, mullet 29&#8243; \/ 27.5&#8243;+ wheelset, 12&#215;148 mm Boost thru axle<\/p>\n<p style=\"margin: 15px 0; line-height: 1.8; clear: both; display: block; width: 100%; float: none; position: static;\">silnik SHIMANO EP8, 85 Nm, 36 V<\/p>\n<p style=\"margin: 15px 0; line-height: 1.8; clear: both; display: block; width: 100%; float: none; position: static;\">akumulator KELLYS Re-Charge K1 Li-ion internal removable 725 Wh \/ capacity 20 Ah, co-developed by KELLYS-BMZ<\/p>\n<p style=\"margin: 15px 0; line-height: 1.8; clear: both; display: block; width: 100%; float: none; position: static;\">wy\u015bwietlacz licznika SHIMANO SC-E5003 cycle computer with assist switch<\/p>\n<p style=\"margin: 15px 0; line-height: 1.8; clear: both; display: block; width: 100%; float: none; position: static;\">widelec ROCK SHOX 35 GOLD RL (29&#8243;) Boost, 150 mm, DebonAir \/ Motion Control \/ Maxle Stealth 15 mm thru axle<\/p>\n<p style=\"margin: 15px 0; line-height: 1.8; clear: both; display: block; width: 100%; float: none; position: static;\">amortyzator ty\u0142 ROCK SHOX Deluxe Select R, DebonAir (210&#215;55 mm)<\/p>\n<p style=\"margin: 15px 0; line-height: 1.8; clear: both; display: block; width: 100%; float: none; position: static;\">korby SHIMANO EM600 \/ CRE70-B (34T) &#8211; length 170 mm<\/p>\n<p style=\"margin: 15px 0; line-height: 1.8; clear: both; display: block; width: 100%; float: none; position: static;\">przerzutka ty\u0142 SHIMANO Deore XT Linkglide M8130 (direct mount)<\/p>\n<p style=\"margin: 15px 0; line-height: 1.8; clear: both; display: block; width: 100%; float: none; position: static;\">manetki SHIMANO Deore XT Linkglide SL-M8130-R Rapidfire Plus (I-Spec EV)<\/p>\n<p style=\"margin: 15px 0; line-height: 1.8; clear: both; display: block; width: 100%; float: none; position: static;\">ilo\u015b\u0107 bieg\u00f3w 11<\/p>\n<p style=\"margin: 15px 0; line-height: 1.8; clear: both; display: block; width: 100%; float: none; position: static;\">kaseta SHIMANO Linkglide CS-LG600-11 (11-50T)<\/p>\n<p style=\"margin: 15px 0; line-height: 1.8; clear: both; display: block; width: 100%; float: none; position: static;\">\u0142a\u0144cuch SHIMANO Linkglide CN-LG500 (122 links)<\/p>\n<p style=\"margin: 15px 0; line-height: 1.8; clear: both; display: block; width: 100%; float: none; position: static;\">hamulce SHIMANO MT420 Hydraulic Disc<\/p>\n<p style=\"margin: 15px 0; line-height: 1.8; clear: both; display: block; width: 100%; float: none; position: static;\">d\u017cwignie hamulcowe SHIMANO Deore BL-M4100<\/p>\n<p style=\"margin: 15px 0; line-height: 1.8; clear: both; display: block; width: 100%; float: none; position: static;\">tarcze hamulcowe 203 mm front \/ 203 mm rear<\/p>\n<p style=\"margin: 15px 0; line-height: 1.8; clear: both; display: block; width: 100%; float: none; position: static;\">piasty SHIMANO MT400-B Disc Center Lock (32 holes)<\/p>\n<p style=\"margin: 15px 0; line-height: 1.8; clear: both; display: block; width: 100%; float: none; position: static;\">obr\u0119cze KLS Bender Disc (622&#215;38 front \/ 584&#215;38 rear \/ 32 holes)<\/p>\n<p style=\"margin: 15px 0; line-height: 1.8; clear: both; display: block; width: 100%; float: none; position: static;\">szprychy stainless steel black<\/p>\n<p style=\"margin: 15px 0; line-height: 1.8; clear: both; display: block; width: 100%; float: none; position: static;\">opona przednia SCHWALBE Nobby Nic Performance 65-622 (29&#8243;x2.60) ADDIX<\/p>\n<p style=\"margin: 15px 0; line-height: 1.8; clear: both; display: block; width: 100%; float: none; position: static;\">opona tylna SCHWALBE Nobby Nic Performance 70-584 (27.5&#8243;x2.80) ADDIX<\/p>\n<p style=\"margin: 15px 0; line-height: 1.8; clear: both; display: block; width: 100%; float: none; position: static;\">stery ACROS 1.8 semi-integrated tapered<\/p>\n<p style=\"margin: 15px 0; line-height: 1.8; clear: both; display: block; width: 100%; float: none; position: static;\">o\u015b thru axle ROCK SHOX Maxle Stealth 15&#215;110 mm front \/ Mr.control 12&#215;177 mm rear<\/p>\n<p style=\"margin: 15px 0; line-height: 1.8; clear: both; display: block; width: 100%; float: none; position: static;\">wspornik kierownicy KLS Alm\/En 50 &#8211; diam 28.6 mm \/ bar bore 31.8 mm \/ length 60 mm<\/p>\n<p style=\"margin: 15px 0; line-height: 1.8; clear: both; display: block; width: 100%; float: none; position: static;\">kierownica KLS Alm\/En 70 RiseBar &#8211; diam 31.8 mm \/ rise 25 mm \/ width 760 mm<\/p>\n<p style=\"margin: 15px 0; line-height: 1.8; clear: both; display: block; width: 100%; float: none; position: static;\">chwyty KLS Poison OneLockon<\/p>\n<p style=\"margin: 15px 0; line-height: 1.8; clear: both; display: block; width: 100%; float: none; position: static;\">siod\u0142o fi\u2019zi:k Taiga, S-alloy rails<\/p>\n<p style=\"margin: 15px 0; line-height: 1.8; clear: both; display: block; width: 100%; float: none; position: static;\">peda\u0142y plastic<\/p>\n<p style=\"margin: 15px 0; line-height: 1.8; clear: both; display: block; width: 100%; float: none; position: static;\">rozmiary ram M<\/p>\n<\/div>\n<\/div>\n<\/div>\n<\/div>\n<\/div>\n<\/div>\n<div style=\"clear: both; display: block; margin: 10px 0;\">\n","protected":false},"excerpt":{"rendered":"<p>Kellys Theos F60 SH grafitowy 2024. Ko\u0142a 29&quot; oraz 27,5&quot;, rama M. przecena z 27999z\u0142<\/p>\n<p>rama KELLYS THEOS 2024 F100 Carbon-Aramid Composite \/ Designed &amp; manufactured in EUROPE \/ Think Link\u00ae suspension system, 140 mm rear travel, integrated removable battery, 1.8\u201c tapered HT, post mount 203 mm, mullet 29&quot; \/ 27.5&quot;+ wheelset, 12&#215;148 mm Boost thru axle<\/p>\n<p>silnik SHIMANO EP8, 85 Nm, 36 V<\/p>\n<p>akumulator KELLYS Re-Charge K1 Li-ion internal removable 725 Wh \/ capacity 20 Ah, co-developed by KELLYS-BMZ<\/p>\n<p>wy\u015bwietlacz licznika SHIMANO SC-E5003 cycle computer with assist switch<\/p>\n","protected":false},"featured_media":14666,"template":"","meta":{"_uag_custom_page_level_css":""},"product_brand":[765],"product_cat":[741,688,749,687],"product_tag":[],"class_list":{"0":"post-14664","1":"product","2":"type-product","3":"status-publish","4":"has-post-thumbnail","6":"product_brand-kellys","7":"product_cat-elektryczne","8":"product_cat-rowery","9":"product_cat-rowery-elektryczne-mtb-gorskie","10":"product_cat-rowery-i-akcesoria","12":"first","13":"instock","14":"sale","15":"shipping-taxable","16":"purchasable","17":"product-type-simple"},"uagb_featured_image_src":{"full":["https:\/\/rowerflowplus.shop\/ro64\/wp-content\/uploads\/2026\/02\/allegro-image-14664.jpg",1190,719,false],"thumbnail":["https:\/\/rowerflowplus.shop\/ro64\/wp-content\/uploads\/2026\/02\/allegro-image-14664-150x150.jpg",150,150,true],"medium":["https:\/\/rowerflowplus.shop\/ro64\/wp-content\/uploads\/2026\/02\/allegro-image-14664-300x181.jpg",300,181,true],"medium_large":["https:\/\/rowerflowplus.shop\/ro64\/wp-content\/uploads\/2026\/02\/allegro-image-14664-768x464.jpg",768,464,true],"large":["https:\/\/rowerflowplus.shop\/ro64\/wp-content\/uploads\/2026\/02\/allegro-image-14664-1024x619.jpg",1024,619,true],"1536x1536":["https:\/\/rowerflowplus.shop\/ro64\/wp-content\/uploads\/2026\/02\/allegro-image-14664.jpg",1190,719,false],"2048x2048":["https:\/\/rowerflowplus.shop\/ro64\/wp-content\/uploads\/2026\/02\/allegro-image-14664.jpg",1190,719,false],"woocommerce_thumbnail":["https:\/\/rowerflowplus.shop\/ro64\/wp-content\/uploads\/2026\/02\/allegro-image-14664-300x300.jpg",300,300,true],"woocommerce_single":["https:\/\/rowerflowplus.shop\/ro64\/wp-content\/uploads\/2026\/02\/allegro-image-14664-600x363.jpg",600,363,true],"woocommerce_gallery_thumbnail":["https:\/\/rowerflowplus.shop\/ro64\/wp-content\/uploads\/2026\/02\/allegro-image-14664-100x100.jpg",100,100,true]},"uagb_author_info":{"display_name":"admin","author_link":"https:\/\/rowerflowplus.shop\/ro64\/author\/"},"uagb_comment_info":0,"uagb_excerpt":"Kellys Theos F60 SH grafitowy 2024. Ko\u0142a 29&quot; oraz 27,5&quot;, rama M. przecena z 27999z\u0142 rama KELLYS THEOS 2024 F100 Carbon-Aramid Composite \/ Designed &amp; manufactured in EUROPE \/ Think Link\u00ae suspension system, 140 mm rear travel, integrated removable battery, 1.8\u201c tapered HT, post mount 203 mm, mullet 29&quot; \/ 27.5&quot;+ wheelset, 12x148 mm Boost&hellip;","_links":{"self":[{"href":"https:\/\/rowerflowplus.shop\/ro64\/wp-json\/wp\/v2\/product\/14664","targetHints":{"allow":["GET"]}}],"collection":[{"href":"https:\/\/rowerflowplus.shop\/ro64\/wp-json\/wp\/v2\/product"}],"about":[{"href":"https:\/\/rowerflowplus.shop\/ro64\/wp-json\/wp\/v2\/types\/product"}],"wp:featuredmedia":[{"embeddable":true,"href":"https:\/\/rowerflowplus.shop\/ro64\/wp-json\/wp\/v2\/media\/14666"}],"wp:attachment":[{"href":"https:\/\/rowerflowplus.shop\/ro64\/wp-json\/wp\/v2\/media?parent=14664"}],"wp:term":[{"taxonomy":"product_brand","embeddable":true,"href":"https:\/\/rowerflowplus.shop\/ro64\/wp-json\/wp\/v2\/product_brand?post=14664"},{"taxonomy":"product_cat","embeddable":true,"href":"https:\/\/rowerflowplus.shop\/ro64\/wp-json\/wp\/v2\/product_cat?post=14664"},{"taxonomy":"product_tag","embeddable":true,"href":"https:\/\/rowerflowplus.shop\/ro64\/wp-json\/wp\/v2\/product_tag?post=14664"}],"curies":[{"name":"wp","href":"https:\/\/api.w.org\/{rel}","templated":true}]}}